{"id":15,"date":"2015-02-10T19:22:07","date_gmt":"2015-02-10T19:22:07","guid":{"rendered":"http:\/\/avada.theme-fusion.com_demos\/architecture\/?page_id=15"},"modified":"2022-12-30T16:09:11","modified_gmt":"2022-12-30T16:09:11","slug":"contacto","status":"publish","type":"page","link":"https:\/\/omega.com.pt\/en\/contacto\/","title":{"rendered":"Contacts"},"content":{"rendered":"<div class=\"fusion-fullwidth fullwidth-box fusion-builder-row-1 fusion-parallax-none nonhundred-percent-fullwidth non-hundred-percent-height-scrolling\" style=\"background-color: rgba(255,255,255,0);background-image: url(&quot;http:\/\/omega.com.pt\/wp-content\/uploads\/2015\/02\/contact_test.png&quot;);background-position: center bottom;background-repeat: no-repeat;padding-top:130px;padding-right:0px;padding-bottom:110px;padding-left:0px;margin-bottom: 0px;margin-top: 0px;border-width: 0px 0px 0px 0px;border-color:#eae9e9;border-style:solid;-webkit-background-size:cover;-moz-background-size:cover;-o-background-size:cover;background-size:cover;\" ><div class=\"fusion-builder-row fusion-row\"><div class=\"fusion-layout-column fusion_builder_column fusion-builder-column-0 fusion_builder_column_1_1 1_1 fusion-one-full fusion-column-first fusion-column-last\" style=\"margin-top:0px;margin-bottom:20px;\"><div class=\"fusion-column-wrapper fusion-flex-column-wrapper-legacy\" style=\"background-position:left top;background-repeat:no-repeat;-webkit-background-size:cover;-moz-background-size:cover;-o-background-size:cover;background-size:cover;padding: 0px 0px 0px 0px;\"><div class=\"fusion-sep-clear\"><\/div><div class=\"fusion-separator fusion-full-width-sep\" style=\"margin-left: auto;margin-right: auto;margin-top:15px;margin-bottom:15px;width:100%;\"><\/div><div class=\"fusion-sep-clear\"><\/div><div class=\"fusion-clearfix\"><\/div><\/div><\/div><div class=\"fusion-layout-column fusion_builder_column fusion-builder-column-1 fusion_builder_column_1_1 1_1 fusion-one-full fusion-column-first fusion-column-last\" style=\"margin-top:0px;margin-bottom:20px;\"><div class=\"fusion-column-wrapper fusion-flex-column-wrapper-legacy\" style=\"background-position:left top;background-repeat:no-repeat;-webkit-background-size:cover;-moz-background-size:cover;-o-background-size:cover;background-size:cover;padding: 0px 0px 0px 0px;\"><style type=\"text\/css\"><\/style><div class=\"fusion-title title fusion-title-1 fusion-sep-none fusion-title-text fusion-title-size-one\" style=\"margin-top:30px;margin-right:0px;margin-bottom:50px;margin-left:0px;\"><h1 class=\"title-heading-left fusion-responsive-typography-calculated\" style=\"margin:0;color:#ffffff;--fontSize:60;line-height:1.33;\">Contact us<\/h1><\/div><div class=\"fusion-text fusion-text-1\"><p>Entre em contacto connosco.<\/p>\n<p>Preencha o formul\u00e1rio de contacto, e um membro da nossa equipa entrar\u00e1 em contacto consigo o mais r\u00e1pido poss\u00edvel.<\/p>\n<p>Obrigado pela sua aten\u00e7\u00e3o.<\/p>\n<\/div><div class=\"fusion-clearfix\"><\/div><\/div><\/div><div class=\"fusion-layout-column fusion_builder_column fusion-builder-column-2 fusion_builder_column_1_2 1_2 fusion-one-half fusion-column-first\" style=\"width:48%; margin-right: 4%;margin-top:0px;margin-bottom:20px;\"><div class=\"fusion-column-wrapper fusion-flex-column-wrapper-legacy\" style=\"background-position:left top;background-repeat:no-repeat;-webkit-background-size:cover;-moz-background-size:cover;-o-background-size:cover;background-size:cover;padding: 0px 0px 0px 0px;\">\n<div class=\"wpcf7 no-js\" id=\"wpcf7-f1510-o1\" lang=\"pt-PT\" dir=\"ltr\" data-wpcf7-id=\"1510\">\n<div class=\"screen-reader-response\"><p role=\"status\" aria-live=\"polite\" aria-atomic=\"true\"><\/p> <ul><\/ul><\/div>\n<form action=\"\/en\/wp-json\/wp\/v2\/pages\/15#wpcf7-f1510-o1\" method=\"post\" class=\"wpcf7-form init\" aria-label=\"Formul\u00e1rio de contacto\" novalidate=\"novalidate\" data-status=\"init\" data-trp-original-action=\"\/en\/wp-json\/wp\/v2\/pages\/15#wpcf7-f1510-o1\">\n<fieldset class=\"hidden-fields-container\"><input type=\"hidden\" name=\"_wpcf7\" value=\"1510\" \/><input type=\"hidden\" name=\"_wpcf7_version\" value=\"6.1\" \/><input type=\"hidden\" name=\"_wpcf7_locale\" value=\"pt_PT\" \/><input type=\"hidden\" name=\"_wpcf7_unit_tag\" value=\"wpcf7-f1510-o1\" \/><input type=\"hidden\" name=\"_wpcf7_container_post\" value=\"0\" \/><input type=\"hidden\" name=\"_wpcf7_posted_data_hash\" value=\"\" \/><input type=\"hidden\" name=\"_wpcf7_recaptcha_response\" value=\"\" \/>\n<\/fieldset>\n<p><label> O seu nome (obrigat\u00f3rio)<br \/>\n<span class=\"wpcf7-form-control-wrap\" data-name=\"your-name\"><input size=\"40\" maxlength=\"400\" class=\"wpcf7-form-control wpcf7-text wpcf7-validates-as-required\" aria-required=\"true\" aria-invalid=\"false\" value=\"\" type=\"text\" name=\"your-name\" \/><\/span> <\/label>\n<\/p>\n<p><label> O seu email (obrigat\u00f3rio)<br \/>\n<span class=\"wpcf7-form-control-wrap\" data-name=\"your-email\"><input size=\"40\" maxlength=\"400\" class=\"wpcf7-form-control wpcf7-email wpcf7-validates-as-required wpcf7-text wpcf7-validates-as-email\" aria-required=\"true\" aria-invalid=\"false\" value=\"\" type=\"email\" name=\"your-email\" \/><\/span> <\/label>\n<\/p>\n<p><label> Assunto<br \/>\n<span class=\"wpcf7-form-control-wrap\" data-name=\"your-subject\"><input size=\"40\" maxlength=\"400\" class=\"wpcf7-form-control wpcf7-text\" aria-invalid=\"false\" value=\"\" type=\"text\" name=\"your-subject\" \/><\/span> <\/label>\n<\/p>\n<p><label> A sua mensagem<br \/>\n<span class=\"wpcf7-form-control-wrap\" data-name=\"your-message\"><textarea cols=\"40\" rows=\"10\" maxlength=\"2000\" class=\"wpcf7-form-control wpcf7-textarea\" aria-invalid=\"false\" name=\"your-message\"><\/textarea><\/span> <\/label>\n<\/p>\n<p><label> A Omega - Servi\u00e7os de Engenharia n\u00e3o utiliza a sua informa\u00e7\u00e3o pessoal para fins promocionais, nem a divulga a outras entidades. <a href=\"https:\/\/omega.com.pt\/en\/pt\/aviso-de-privacidade\/\">Aviso de Privacidade.<\/a> <\/label>\n<\/p>\n<p><input class=\"wpcf7-form-control wpcf7-submit has-spinner\" type=\"submit\" value=\"Enviar\" \/>\n<\/p><p style=\"display: none !important;\" class=\"akismet-fields-container\" data-prefix=\"_wpcf7_ak_\"><label>&#916;<textarea name=\"_wpcf7_ak_hp_textarea\" cols=\"45\" rows=\"8\" maxlength=\"100\"><\/textarea><\/label><input type=\"hidden\" id=\"ak_js_1\" name=\"_wpcf7_ak_js\" value=\"26\"\/><script>document.getElementById( \"ak_js_1\" ).setAttribute( \"value\", ( new Date() ).getTime() );<\/script><\/p><div class=\"fusion-alert alert custom alert-custom fusion-alert-center wpcf7-response-output fusion-alert-capitalize alert-dismissable\" role=\"alert\" style=\"border-width:1px;\"><div class=\"fusion-alert-content-wrapper\"><span class=\"fusion-alert-content\"><\/span><\/div><button type=\"button\" class=\"close toggle-alert\" data-dismiss=\"alert\" aria-label=\"Close\">&times;<\/button><\/div>\n<input type=\"hidden\" name=\"trp-form-language\" value=\"en\"\/><\/form>\n<\/div>\n<div class=\"fusion-clearfix\"><\/div><\/div><\/div><div class=\"fusion-layout-column fusion_builder_column fusion-builder-column-3 fusion_builder_column_1_2 1_2 fusion-one-half fusion-column-last\" style=\"width:48%;margin-top:0px;margin-bottom:20px;\"><div class=\"fusion-column-wrapper fusion-flex-column-wrapper-legacy\" style=\"background-position:left top;background-repeat:no-repeat;-webkit-background-size:cover;-moz-background-size:cover;-o-background-size:cover;background-size:cover;padding: 0px 0px 0px 0px;\"><div class=\"fusion-sep-clear\"><\/div><div class=\"fusion-separator fusion-full-width-sep\" style=\"margin-left: auto;margin-right: auto;margin-top:15px;margin-bottom:15px;width:100%;\"><\/div><div class=\"fusion-sep-clear\"><\/div>\t\t\t\t\t<script type=\"text\/javascript\">\n\t\t\t\t\t\tvar map_fusion_map_69e024f161398;\n\t\t\t\t\t\tvar markers = [];\n\t\t\t\t\t\tvar counter = 0;\n\t\t\t\t\t\t\t\t\t\t\t\t\t\t\t\t\t\t\t\tvar fusionMapNonce = '0dde6e5c0b';\n\t\t\t\t\t\t\t\t\t\t\t\tfunction fusion_run_map_fusion_map_69e024f161398() {\n\t\t\t\t\t\t\tjQuery('#fusion_map_69e024f161398').fusion_maps({\n\t\t\t\t\t\t\t\taddresses: [{\"address\":\"41.152388, -8.665163\",\"infobox_content\":\"Omega, Servi\\u00e7os de Engenharia, Lda.\",\"marker\":\"http:\\\/\\\/omega.com.pt\\\/wp-content\\\/uploads\\\/2017\\\/04\\\/omegalogo_57.png\",\"coordinates\":false,\"cache\":true,\"latitude\":\"41.152389\",\"longitude\":\"-8.665161200000057\"}],\n\t\t\t\t\t\t\t\tanimations: true,\n\t\t\t\t\t\t\t\tinfobox_background_color: '',\n\t\t\t\t\t\t\t\tinfobox_styling: 'default',\n\t\t\t\t\t\t\t\tinfobox_text_color: '',\n\t\t\t\t\t\t\t\tmap_style: 'custom',\n\t\t\t\t\t\t\t\tmap_type: 'roadmap',\n\t\t\t\t\t\t\t\tmarker_icon: 'http:\/\/omega.com.pt\/wp-content\/uploads\/2017\/04\/omegalogo_57.png',\n\t\t\t\t\t\t\t\toverlay_color: '',\n\t\t\t\t\t\t\t\toverlay_color_hsl: {\"hue\":0,\"sat\":0,\"lum\":100},\n\t\t\t\t\t\t\t\tpan_control: false,\n\t\t\t\t\t\t\t\tshow_address: false,\n\t\t\t\t\t\t\t\tscale_control: false,\n\t\t\t\t\t\t\t\tscrollwheel: true,\n\t\t\t\t\t\t\t\tzoom: 16,\n\t\t\t\t\t\t\t\tzoom_control: false,\n\t\t\t\t\t\t\t});\n\t\t\t\t\t\t}\n\n\t\t\t\t\t\tgoogle.maps.event.addDomListener(window, 'load', fusion_run_map_fusion_map_69e024f161398);\n\t\t\t\t\t<\/script>\n\t\t\t\t\t<div class=\"shortcode-map fusion-google-map fusion-maps-js-type\" style=\"height:435px;width:100%;\" id=\"fusion_map_69e024f161398\"><\/div><div class=\"fusion-sep-clear\"><\/div><div class=\"fusion-separator fusion-full-width-sep\" style=\"margin-left: auto;margin-right: auto;margin-top:40px;width:100%;\"><\/div><div class=\"fusion-sep-clear\"><\/div><div class=\"fusion-text fusion-text-2\"><p><span style=\"color: #ffffff;\">Omega, Servi\u00e7os de Engenharia Lda.<\/span><br \/>\n<span style=\"color: #ffffff;\"> Rua Fern\u00e3o Lopes,157 &#8211; 2\u00ba Esq. A <\/span><br \/>\n<span style=\"color: #ffffff;\"> 4150 &#8211; 318 Porto, Portugal<\/span><br \/>\n<span style=\"color: #ffffff;\"> Phone:+351 225 322 736 (Call to a national landline) <\/span><br \/>\n<span style=\"color: #ffffff;\"> Email: <a style=\"color: #ffffff;\" href=\"mailto:info@omega.com.pt\">info@omega.com.pt<\/a><\/span><\/p>\n<\/div><div class=\"fusion-clearfix\"><\/div><\/div><\/div><\/div><\/div>","protected":false},"excerpt":{"rendered":"","protected":false},"author":1,"featured_media":0,"parent":0,"menu_order":0,"comment_status":"closed","ping_status":"closed","template":"100-width.php","meta":{"footnotes":""},"class_list":["post-15","page","type-page","status-publish","hentry"],"yoast_head":"<!-- This site is optimized with the Yoast SEO plugin v25.4 - https:\/\/yoast.com\/wordpress\/plugins\/seo\/ -->\n<title>Omega - Servi\u00e7os de Engenharia | Contactos<\/title>\n<meta name=\"description\" content=\"Bem-vindo \u00e0 nossa p\u00e1gina de contactos, aqui poder\u00e1 entrar em contacto directo com a nossa equipa, atrav\u00e9s de um formul\u00e1rio de contacto, ou atrav\u00e9s dos nossos detalhes de contacto. Descubra a nossa localiza\u00e7\u00e3o, e fa\u00e7a qualquer pergunta ou quest\u00e3o, que n\u00f3s iremos responder o mais r\u00e1pido poss\u00edvel.\" \/>\n<meta name=\"robots\" content=\"index, follow, max-snippet:-1, max-image-preview:large, max-video-preview:-1\" \/>\n<link rel=\"canonical\" href=\"https:\/\/omega.com.pt\/en\/contacto\/\" \/>\n<meta property=\"og:locale\" content=\"en_GB\" \/>\n<meta property=\"og:type\" content=\"article\" \/>\n<meta property=\"og:title\" content=\"Omega - Servi\u00e7os de Engenharia | Contactos\" \/>\n<meta property=\"og:description\" content=\"Bem-vindo \u00e0 nossa p\u00e1gina de contactos, aqui poder\u00e1 entrar em contacto directo com a nossa equipa, atrav\u00e9s de um formul\u00e1rio de contacto, ou atrav\u00e9s dos nossos detalhes de contacto. Descubra a nossa localiza\u00e7\u00e3o, e fa\u00e7a qualquer pergunta ou quest\u00e3o, que n\u00f3s iremos responder o mais r\u00e1pido poss\u00edvel.\" \/>\n<meta property=\"og:url\" content=\"https:\/\/omega.com.pt\/en\/contacto\/\" \/>\n<meta property=\"og:site_name\" content=\"Omega\" \/>\n<meta property=\"article:publisher\" content=\"https:\/\/pt-pt.facebook.com\/OmegaServicosdeEngenhariaLda\" \/>\n<meta property=\"article:modified_time\" content=\"2022-12-30T16:09:11+00:00\" \/>\n<meta name=\"twitter:card\" content=\"summary_large_image\" \/>\n<meta name=\"twitter:label1\" content=\"Estimated reading time\" \/>\n\t<meta name=\"twitter:data1\" content=\"2 minutes\" \/>\n<script type=\"application\/ld+json\" class=\"yoast-schema-graph\">{\"@context\":\"https:\/\/schema.org\",\"@graph\":[{\"@type\":\"WebPage\",\"@id\":\"https:\/\/omega.com.pt\/contacto\/\",\"url\":\"https:\/\/omega.com.pt\/contacto\/\",\"name\":\"Omega - Servi\u00e7os de Engenharia | Contactos\",\"isPartOf\":{\"@id\":\"https:\/\/omega.com.pt\/en\/#website\"},\"datePublished\":\"2015-02-10T19:22:07+00:00\",\"dateModified\":\"2022-12-30T16:09:11+00:00\",\"description\":\"Bem-vindo \u00e0 nossa p\u00e1gina de contactos, aqui poder\u00e1 entrar em contacto directo com a nossa equipa, atrav\u00e9s de um formul\u00e1rio de contacto, ou atrav\u00e9s dos nossos detalhes de contacto. Descubra a nossa localiza\u00e7\u00e3o, e fa\u00e7a qualquer pergunta ou quest\u00e3o, que n\u00f3s iremos responder o mais r\u00e1pido poss\u00edvel.\",\"breadcrumb\":{\"@id\":\"https:\/\/omega.com.pt\/contacto\/#breadcrumb\"},\"inLanguage\":\"en-GB\",\"potentialAction\":[{\"@type\":\"ReadAction\",\"target\":[\"https:\/\/omega.com.pt\/contacto\/\"]}]},{\"@type\":\"BreadcrumbList\",\"@id\":\"https:\/\/omega.com.pt\/contacto\/#breadcrumb\",\"itemListElement\":[{\"@type\":\"ListItem\",\"position\":1,\"name\":\"In\u00edcio\",\"item\":\"https:\/\/omega.com.pt\/en\/\"},{\"@type\":\"ListItem\",\"position\":2,\"name\":\"Contacto\"}]},{\"@type\":\"WebSite\",\"@id\":\"https:\/\/omega.com.pt\/en\/#website\",\"url\":\"https:\/\/omega.com.pt\/en\/\",\"name\":\"Omega\",\"description\":\"Servi\u00e7os de Engenharia\",\"publisher\":{\"@id\":\"https:\/\/omega.com.pt\/en\/#organization\"},\"potentialAction\":[{\"@type\":\"SearchAction\",\"target\":{\"@type\":\"EntryPoint\",\"urlTemplate\":\"https:\/\/omega.com.pt\/en\/?s={search_term_string}\"},\"query-input\":{\"@type\":\"PropertyValueSpecification\",\"valueRequired\":true,\"valueName\":\"search_term_string\"}}],\"inLanguage\":\"en-GB\"},{\"@type\":\"Organization\",\"@id\":\"https:\/\/omega.com.pt\/en\/#organization\",\"name\":\"Omega, Servi\u00e7os de Engenharia, Lda.\",\"url\":\"https:\/\/omega.com.pt\/en\/\",\"logo\":{\"@type\":\"ImageObject\",\"inLanguage\":\"en-GB\",\"@id\":\"https:\/\/omega.com.pt\/en\/#\/schema\/logo\/image\/\",\"url\":\"https:\/\/omega.com.pt\/wp-content\/uploads\/2017\/04\/omegalogo_retina.png\",\"contentUrl\":\"https:\/\/omega.com.pt\/wp-content\/uploads\/2017\/04\/omegalogo_retina.png\",\"width\":500,\"height\":186,\"caption\":\"Omega, Servi\u00e7os de Engenharia, Lda.\"},\"image\":{\"@id\":\"https:\/\/omega.com.pt\/en\/#\/schema\/logo\/image\/\"},\"sameAs\":[\"https:\/\/pt-pt.facebook.com\/OmegaServicosdeEngenhariaLda\"]}]}<\/script>\n<!-- \/ Yoast SEO plugin. -->","yoast_head_json":{"title":"Omega - Servi\u00e7os de Engenharia | Contactos","description":"Bem-vindo \u00e0 nossa p\u00e1gina de contactos, aqui poder\u00e1 entrar em contacto directo com a nossa equipa, atrav\u00e9s de um formul\u00e1rio de contacto, ou atrav\u00e9s dos nossos detalhes de contacto. Descubra a nossa localiza\u00e7\u00e3o, e fa\u00e7a qualquer pergunta ou quest\u00e3o, que n\u00f3s iremos responder o mais r\u00e1pido poss\u00edvel.","robots":{"index":"index","follow":"follow","max-snippet":"max-snippet:-1","max-image-preview":"max-image-preview:large","max-video-preview":"max-video-preview:-1"},"canonical":"https:\/\/omega.com.pt\/en\/contacto\/","og_locale":"en_GB","og_type":"article","og_title":"Omega - Servi\u00e7os de Engenharia | Contactos","og_description":"Bem-vindo \u00e0 nossa p\u00e1gina de contactos, aqui poder\u00e1 entrar em contacto directo com a nossa equipa, atrav\u00e9s de um formul\u00e1rio de contacto, ou atrav\u00e9s dos nossos detalhes de contacto. Descubra a nossa localiza\u00e7\u00e3o, e fa\u00e7a qualquer pergunta ou quest\u00e3o, que n\u00f3s iremos responder o mais r\u00e1pido poss\u00edvel.","og_url":"https:\/\/omega.com.pt\/en\/contacto\/","og_site_name":"Omega","article_publisher":"https:\/\/pt-pt.facebook.com\/OmegaServicosdeEngenhariaLda","article_modified_time":"2022-12-30T16:09:11+00:00","twitter_card":"summary_large_image","twitter_misc":{"Estimated reading time":"2 minutes"},"schema":{"@context":"https:\/\/schema.org","@graph":[{"@type":"WebPage","@id":"https:\/\/omega.com.pt\/contacto\/","url":"https:\/\/omega.com.pt\/contacto\/","name":"Omega - Servi\u00e7os de Engenharia | Contactos","isPartOf":{"@id":"https:\/\/omega.com.pt\/en\/#website"},"datePublished":"2015-02-10T19:22:07+00:00","dateModified":"2022-12-30T16:09:11+00:00","description":"Bem-vindo \u00e0 nossa p\u00e1gina de contactos, aqui poder\u00e1 entrar em contacto directo com a nossa equipa, atrav\u00e9s de um formul\u00e1rio de contacto, ou atrav\u00e9s dos nossos detalhes de contacto. Descubra a nossa localiza\u00e7\u00e3o, e fa\u00e7a qualquer pergunta ou quest\u00e3o, que n\u00f3s iremos responder o mais r\u00e1pido poss\u00edvel.","breadcrumb":{"@id":"https:\/\/omega.com.pt\/contacto\/#breadcrumb"},"inLanguage":"en-GB","potentialAction":[{"@type":"ReadAction","target":["https:\/\/omega.com.pt\/contacto\/"]}]},{"@type":"BreadcrumbList","@id":"https:\/\/omega.com.pt\/contacto\/#breadcrumb","itemListElement":[{"@type":"ListItem","position":1,"name":"In\u00edcio","item":"https:\/\/omega.com.pt\/en\/"},{"@type":"ListItem","position":2,"name":"Contacto"}]},{"@type":"WebSite","@id":"https:\/\/omega.com.pt\/en\/#website","url":"https:\/\/omega.com.pt\/en\/","name":"Omega","description":"Servi\u00e7os de Engenharia","publisher":{"@id":"https:\/\/omega.com.pt\/en\/#organization"},"potentialAction":[{"@type":"SearchAction","target":{"@type":"EntryPoint","urlTemplate":"https:\/\/omega.com.pt\/en\/?s={search_term_string}"},"query-input":{"@type":"PropertyValueSpecification","valueRequired":true,"valueName":"search_term_string"}}],"inLanguage":"en-GB"},{"@type":"Organization","@id":"https:\/\/omega.com.pt\/en\/#organization","name":"Omega, Servi\u00e7os de Engenharia, Lda.","url":"https:\/\/omega.com.pt\/en\/","logo":{"@type":"ImageObject","inLanguage":"en-GB","@id":"https:\/\/omega.com.pt\/en\/#\/schema\/logo\/image\/","url":"https:\/\/omega.com.pt\/wp-content\/uploads\/2017\/04\/omegalogo_retina.png","contentUrl":"https:\/\/omega.com.pt\/wp-content\/uploads\/2017\/04\/omegalogo_retina.png","width":500,"height":186,"caption":"Omega, Servi\u00e7os de Engenharia, Lda."},"image":{"@id":"https:\/\/omega.com.pt\/en\/#\/schema\/logo\/image\/"},"sameAs":["https:\/\/pt-pt.facebook.com\/OmegaServicosdeEngenhariaLda"]}]}},"jetpack_sharing_enabled":true,"_links":{"self":[{"href":"https:\/\/omega.com.pt\/en\/wp-json\/wp\/v2\/pages\/15","targetHints":{"allow":["GET"]}}],"collection":[{"href":"https:\/\/omega.com.pt\/en\/wp-json\/wp\/v2\/pages"}],"about":[{"href":"https:\/\/omega.com.pt\/en\/wp-json\/wp\/v2\/types\/page"}],"author":[{"embeddable":true,"href":"https:\/\/omega.com.pt\/en\/wp-json\/wp\/v2\/users\/1"}],"replies":[{"embeddable":true,"href":"https:\/\/omega.com.pt\/en\/wp-json\/wp\/v2\/comments?post=15"}],"version-history":[{"count":6,"href":"https:\/\/omega.com.pt\/en\/wp-json\/wp\/v2\/pages\/15\/revisions"}],"predecessor-version":[{"id":2478,"href":"https:\/\/omega.com.pt\/en\/wp-json\/wp\/v2\/pages\/15\/revisions\/2478"}],"wp:attachment":[{"href":"https:\/\/omega.com.pt\/en\/wp-json\/wp\/v2\/media?parent=15"}],"curies":[{"name":"wp","href":"https:\/\/api.w.org\/{rel}","templated":true}]}}