{"id":1875,"date":"2018-05-27T00:12:29","date_gmt":"2018-05-27T00:12:29","guid":{"rendered":"https:\/\/omega.com.pt\/?page_id=1875"},"modified":"2018-05-27T00:20:05","modified_gmt":"2018-05-27T00:20:05","slug":"politica-de-cookies","status":"publish","type":"page","link":"https:\/\/omega.com.pt\/en\/politica-de-cookies\/","title":{"rendered":"Cookie Policy"},"content":{"rendered":"<div class=\"fusion-fullwidth fullwidth-box fusion-builder-row-1 nonhundred-percent-fullwidth non-hundred-percent-height-scrolling\" style=\"background-color: rgba(255,255,255,0);background-position: center center;background-repeat: no-repeat;padding-top:0px;padding-right:0px;padding-bottom:0px;padding-left:0px;margin-bottom: 0px;margin-top: 0px;border-width: 0px 0px 0px 0px;border-color:#eae9e9;border-style:solid;\" ><div class=\"fusion-builder-row fusion-row\"><div class=\"fusion-layout-column fusion_builder_column fusion-builder-column-0 fusion_builder_column_1_1 1_1 fusion-one-full fusion-column-first fusion-column-last\" style=\"margin-top:0px;margin-bottom:20px;\"><div class=\"fusion-column-wrapper fusion-flex-column-wrapper-legacy\" style=\"background-position:left top;background-repeat:no-repeat;-webkit-background-size:cover;-moz-background-size:cover;-o-background-size:cover;background-size:cover;padding: 0px 0px 0px 0px;\"><div class=\"fusion-text fusion-text-1\"><div class=\"nd_options_container nd_options_padding_0_15 nd_options_box_sizing_border_box nd_options_clearfix\">\n<div id=\"post-2112\" class=\"post-2112 page type-page status-publish hentry\">\n<div class=\"vc_row wpb_row vc_row-fluid\">\n<div class=\"wpb_column vc_column_container vc_col-sm-12\">\n<div class=\"vc_column-inner\">\n<div class=\"wpb_wrapper\">\n<div class=\"wpb_text_column wpb_content_element\">\n<div class=\"wpb_wrapper\">\n<div class=\"post-entry post-entry-type-page post-entry-1059\">\n<div class=\"entry-content-wrapper clearfix\">\n<div class=\"flex_column av_one_full flex_column_div av-zero-column-padding first avia-builder-el-0 avia-builder-el-no-sibling\">\n<div class=\"av-special-heading av-special-heading-h1 blockquote modern-quote modern-centered avia-builder-el-1 el_before_av_hr avia-builder-el-first\">\n<h1 class=\"av-special-heading-tag\" style=\"text-align: center;\" data-fontsize=\"34\" data-lineheight=\"47\"><a href=\"#\">Cookie Policy<\/a><\/h1>\n<div class=\"av-subheading av-subheading_below\">\n<p style=\"text-align: center;\">Detalhes sobre como utilizamos cookies para melhorar a sua experi\u00eancia.<\/p>\n<\/div>\n<\/div>\n<div class=\"hr hr-default avia-builder-el-2 el_after_av_heading el_before_av_textblock\"><\/div>\n<section class=\"av_textblock_section\">\n<div class=\"avia_textblock\">\n<ul>\n<li>\n<h5 data-fontsize=\"16\" data-lineheight=\"22\">Omega: Pol\u00edtica de Cookies<\/h5>\n<h5 data-fontsize=\"16\" data-lineheight=\"22\"><\/h5>\n<p>A Omega, Servi\u00e7os de Engenharia, Lda. e os seus afiliados respeitam a sua privacidade e almejamos mant\u00ea-lo informado sobre como recolhemos e utilizamos a sua informa\u00e7\u00e3o. Esta Pol\u00edtica de Cookies procura inform\u00e1-lo acerca dos cookies e tecnologias similares que utilizamos e porque \u00e9 que as usamos. Tamb\u00e9m deve ler o nosso <a href=\"https:\/\/omega.com.pt\/en\/pt\/aviso-de-privacidade\/\">Aviso de Privacidade<\/a> para saber mais sobre o que fazemos com a informa\u00e7\u00e3o que recolhemos neste website.<\/p>\n<p>Quaisquer altera\u00e7\u00f5es a esta Pol\u00edtica ser\u00e3o colocadas aqui. N\u00f3s reservamos o direito de efectuar altera\u00e7\u00f5es a esta Pol\u00edtica e as mudan\u00e7as ser\u00e3o consideradas efectivas a partir do momento em que aqui forem colocadas. O uso cont\u00ednuo deste website constitui a sua concord\u00e2ncia com as mesmas altera\u00e7\u00f5es.<\/p>\n<p>Se n\u00e3o aceita a utiliza\u00e7\u00e3o de cookies, por favor n\u00e3o continue a utilizar o website.<\/li>\n<\/ul>\n<\/div>\n<\/section>\n<\/div>\n<\/div>\n<\/div>\n<div class=\"post-entry post-entry-type-page post-entry-1059\">\n<div class=\"entry-content-wrapper clearfix\">\n<div class=\"flex_column av_one_full flex_column_div av-zero-column-padding first avia-builder-el-0 avia-builder-el-no-sibling\">\n<section class=\"av_textblock_section\">\n<div class=\"avia_textblock\">\n<ul>\n<li>\n<h5 data-fontsize=\"16\" data-lineheight=\"22\">Sobre os Cookies<\/h5>\n<h5 data-fontsize=\"16\" data-lineheight=\"22\"><\/h5>\n<p>Como muitas empresas, n\u00f3s utilizamos \u201ccookies\u201d neste website. Os Cookies s\u00e3o ficheiros de texto que cont\u00eam pequenas quantidades de informa\u00e7\u00e3o que poder\u00e3o ser colocadas no seu navegador quando visita certos websites. A Omega, Servi\u00e7os de Engenharia, Lda. usa cookies para melhorar a sua experi\u00eancia no nosso website. S\u00f3 utilizamos cookies para providenciar os servi\u00e7os espec\u00edficos que requisita, para memorizar as suas prefer\u00eancias e para melhorar e actualizar o nosso website. Por exemplo, n\u00f3s utilizamos cookies para memorizar as suas prefer\u00eancias e para permitir uma navega\u00e7\u00e3o mais eficiente nas nossas p\u00e1ginas. Tamb\u00e9m utilizamos cookies para medir a actividade no nosso website e determinar quais as \u00e1reas e fun\u00e7\u00f5es do nosso website que s\u00e3o mais populares.<\/p>\n<p>Os websites utilizam v\u00e1rios tipos de cookies para diferentes fun\u00e7\u00f5es. Dependendo da fun\u00e7\u00e3o que t\u00eam que alcan\u00e7ar, os cookies podem ser tempor\u00e1rios; ficam no seu dispositivo apenas durante a sua sess\u00e3o de navega\u00e7\u00e3o (<strong>cookies de sess\u00e3o<\/strong>) ou permanentemente colocados na mem\u00f3ria do seu dispositivo (<strong>cookies persistentes<\/strong>) para memorizar as suas prefer\u00eancias. Os cookies poder\u00e3o ser colocados por operadores do website que est\u00e1 a visitar ou por operadores que colocam cookies atrav\u00e9s desse website (<strong>cookies por terceiros<\/strong>). Como tal, qualquer cookie que utilizemos encontra-se nas seguintes categorias:<\/li>\n<\/ul>\n<\/div>\n<\/section>\n<\/div>\n<\/div>\n<\/div>\n<div class=\"post-entry post-entry-type-page post-entry-1059\">\n<div class=\"entry-content-wrapper clearfix\">\n<div class=\"flex_column av_one_full flex_column_div av-zero-column-padding first avia-builder-el-0 avia-builder-el-no-sibling\">\n<section class=\"av_textblock_section\">\n<div class=\"avia_textblock\">\n<ul>\n<li>\n<h5 data-fontsize=\"16\" data-lineheight=\"22\">Cookies Estritamente Necess\u00e1rios<\/h5>\n<h5 data-fontsize=\"16\" data-lineheight=\"22\"><\/h5>\n<p>Estes cookies s\u00e3o essenciais para assegurar o seu movimento nas p\u00e1ginas deste website e para a sua utiliza\u00e7\u00e3o das fun\u00e7\u00f5es deste website. Por exemplo, sem estes cookies n\u00e3o lhe seria poss\u00edvel aceder seguramente a determinadas \u00e1reas do website. A Omega, Servi\u00e7os de Engenharia, Lda. utiliza estes cookies para disponibilizar os servi\u00e7os no nosso website que requisitou especificamente. Em geral, estes cookies s\u00f3 permanecer\u00e3o no seu navegador durante a sess\u00e3o de navega\u00e7\u00e3o e assim que fechar o seu navegador, os cookies ser\u00e3o removidos. Esta categoria de cookies n\u00e3o deve ser desactivada. Se utiliza as defini\u00e7\u00f5es do seu navegador para bloquear os cookies estritamente necess\u00e1rios, n\u00e3o podemos garantir a sua seguran\u00e7a ou prever como o nosso website se ir\u00e1 comportar durante a sua visita.<\/p>\n<p>Exemplos: lastThemeSourceId; Browser_id}; JSESSIONID; etc.<\/li>\n<\/ul>\n<\/div>\n<\/section>\n<\/div>\n<\/div>\n<\/div>\n<div class=\"post-entry post-entry-type-page post-entry-1059\">\n<div class=\"entry-content-wrapper clearfix\">\n<div class=\"flex_column av_one_full flex_column_div av-zero-column-padding first avia-builder-el-0 avia-builder-el-no-sibling\">\n<section class=\"av_textblock_section\">\n<div class=\"avia_textblock\">\n<ul>\n<li>\n<h5 data-fontsize=\"16\" data-lineheight=\"22\">Cookies de Desempenho<\/h5>\n<h5 data-fontsize=\"16\" data-lineheight=\"22\"><\/h5>\n<p>Estes cookies recolhem informa\u00e7\u00e3o geral sobre como o nosso website \u00e9 utilizado de forma a criar relat\u00f3rios de utiliza\u00e7\u00e3o que nos permitem melhorar a experi\u00eancia do utilizador e a qualidade do nosso website e servi\u00e7o. Esta an\u00e1lise \u00e9 realizada por outros operadores, logo estes cookies s\u00e3o considerados como cookies por terceiros. Especificamente, utilizamos o Google Analytics para medir a efici\u00eancia das nossas campanhas publicit\u00e1rias e determinar como \u00e9 que os visitantes utilizam este website. Estes cookies recolhem uma localiza\u00e7\u00e3o agregada do utilizador e informa\u00e7\u00e3o acerca do endere\u00e7o de IP. Estes cookies s\u00e3o frequentemente colocados na mem\u00f3ria do seu navegador, a n\u00e3o ser que escolha remov\u00ea-los.<\/p>\n<p>Exemplos:_utmb; _utmc; _utma; _utmz; etc.<\/li>\n<\/ul>\n<\/div>\n<\/section>\n<\/div>\n<\/div>\n<\/div>\n<div class=\"post-entry post-entry-type-page post-entry-1059\">\n<div class=\"entry-content-wrapper clearfix\">\n<div class=\"flex_column av_one_full flex_column_div av-zero-column-padding first avia-builder-el-0 avia-builder-el-no-sibling\">\n<section class=\"av_textblock_section\">\n<div class=\"avia_textblock\">\n<ul>\n<li>\n<h5 data-fontsize=\"16\" data-lineheight=\"22\">Cookies de Funcionalidade<\/h5>\n<h5 data-fontsize=\"16\" data-lineheight=\"22\"><\/h5>\n<p>Estes cookies permitem-nos oferecer uma experi\u00eancia de navega\u00e7\u00e3o customizada. Estes cookies capturam informa\u00e7\u00f5es tais como as p\u00e1ginas que visitou ou visualizou, de forma a podermos providenci\u00e1-lo com uma experi\u00eancia \u00f3ptima. Os cookies de funcionalidade permitem aos websites memorizar as escolhas e prefer\u00eancias dos visitantes. Isto significa que um website pode automaticamente tomar decis\u00f5es tais como a l\u00edngua do website, a localiza\u00e7\u00e3o, o tamanho do texto e providenciar fun\u00e7\u00f5es que um visitante requisite, tais como visionar v\u00eddeos e publicar coment\u00e1rios. A informa\u00e7\u00e3o recolhida por estes cookies de funcionalidade poder\u00e1 ser an\u00f3nima e n\u00e3o estar\u00e1 ligada a informa\u00e7\u00e3o sobre o uso de outros websites.<\/p>\n<p>Exemplos: Rvdata; Mbox; __g_u; __g_c ASP.NET_SessionId; _data; etc.<\/li>\n<\/ul>\n<\/div>\n<\/section>\n<\/div>\n<\/div>\n<\/div>\n<div class=\"post-entry post-entry-type-page post-entry-1059\">\n<div class=\"entry-content-wrapper clearfix\">\n<div class=\"flex_column av_one_full flex_column_div av-zero-column-padding first avia-builder-el-0 avia-builder-el-no-sibling\">\n<section class=\"av_textblock_section\">\n<div class=\"avia_textblock\">\n<ul>\n<li>\n<h5 data-fontsize=\"16\" data-lineheight=\"22\">Cookies Publicit\u00e1rios e Cookies Publicit\u00e1rios de Terceiros<\/h5>\n<h5 data-fontsize=\"16\" data-lineheight=\"22\"><\/h5>\n<p>A publicidade que poder\u00e1 ver no nosso website \u00e9 disponibilizada por um terceiro contratado por n\u00f3s. A publicidade pode ser gen\u00e9rica ao website ou pode estar talhada para disponibilizar publicidade na qual poder\u00e1 estar interessado, baseando-se em cookies publicit\u00e1rios. Estes cookies poder\u00e3o conter informa\u00e7\u00e3o sobre outros websites visitados pelo seu navegador e dispositivo, mas n\u00e3o informa\u00e7\u00e3o pessoal sobre si.<\/p>\n<p>Poder\u00e1 ver determinados an\u00fancios noutros websites porque participamos em redes publicit\u00e1rias. As redes publicit\u00e1rias permitem-nos aperfei\u00e7oar a nossa mensagem a utilizadores atrav\u00e9s da, demografia, interesses e meios contextuais. Estas redes observam as suas actividades online ao longo do tempo recolhendo informa\u00e7\u00e3o de forma autom\u00e1tica, incluindo atrav\u00e9s da utiliza\u00e7\u00e3o de cookies, registos de servidores web e web beacons. Estas redes utilizam esta informa\u00e7\u00e3o para lhe mostrar an\u00fancios que poder\u00e3o estar talhados aos seus interesses individuais. As informa\u00e7\u00f5es que as nossas redes publicit\u00e1rias recolhem, poder\u00e3o incluir informa\u00e7\u00f5es sobre as suas visitas a websites que participem nas redes publicit\u00e1rias relevantes, tais como p\u00e1ginas ou an\u00fancios que visione e as ac\u00e7\u00f5es que possa tomar nos websites. Esta recolha de dados \u00e9 exercida tanto no nosso website como em websites de terceiros que participam nas redes publicit\u00e1rias. Este processo tamb\u00e9m nos ajuda a controlar a efici\u00eancia das nossas campanhas de marketing.<\/li>\n<\/ul>\n<\/div>\n<\/section>\n<\/div>\n<\/div>\n<\/div>\n<div class=\"post-entry post-entry-type-page post-entry-1059\">\n<div class=\"entry-content-wrapper clearfix\">\n<div class=\"flex_column av_one_full flex_column_div av-zero-column-padding first avia-builder-el-0 avia-builder-el-no-sibling\">\n<section class=\"av_textblock_section\">\n<div class=\"avia_textblock\">\n<ul>\n<li>\n<h5 data-fontsize=\"16\" data-lineheight=\"22\">Como gerir os cookies atrav\u00e9s das defini\u00e7\u00f5es do seu navegador<\/h5>\n<h5 data-fontsize=\"16\" data-lineheight=\"22\"><\/h5>\n<p>Pode gerir os cookies atrav\u00e9s das defini\u00e7\u00f5es do seu navegador ou contactando as entidades abaixo. Se continuar a utilizar o nosso website sem alterar as suas defini\u00e7\u00f5es, ent\u00e3o consente a coloca\u00e7\u00e3o das categorias de cookies que list\u00e1mos acima no seu navegador. Se decidir mudar as suas defini\u00e7\u00f5es e desactivar os cookies, poder\u00e1 ser poss\u00edvel que n\u00e3o consiga tirar partido total de todas as funcionalidades do nosso website. Por exemplo, se desactivar os cookies estritamente necess\u00e1rios ou recusar esses cookies, n\u00e3o ser\u00e1 poss\u00edvel utilizar todas as funcionalidades deste website.<\/p>\n<p>As seguintes liga\u00e7\u00f5es externas explicam como deve gerir os seus cookies nos navegadores mais comuns:<\/p>\n<p><a href=\"http:\/\/windows.microsoft.com\/en-gb\/internet-explorer\/delete-manage-cookies#ie=ie-11\">Defini\u00e7\u00f5es de Cookies no Internet Explorer<\/a><\/p>\n<p><a href=\"https:\/\/support.google.com\/accounts\/answer\/61416?hl=en\">Defini\u00e7\u00f5es de Cookies no Google Chrome<\/a><\/p>\n<p><a href=\"https:\/\/support.mozilla.org\/en-US\/kb\/enable-and-disable-cookies-website-preferences?redirectlocale=en-US&amp;redirectslug=Enabling+and+disabling+cookies\">Defini\u00e7\u00f5es de Cookies no Firefox<\/a><\/p>\n<p><a href=\"https:\/\/support.apple.com\/en-gb\/guide\/safari\/manage-cookies-and-website-data-sfri11471\/mac\">Defini\u00e7\u00f5es de Cookies no Safari<\/a><\/p>\n<p>Para saber mais informa\u00e7\u00f5es de como definir as suas prefer\u00eancias em rela\u00e7\u00e3o aos cookies no seu navegador, consulte: <a href=\"http:\/\/www.allaboutcookies.org\">www.allaboutcookies.org<\/a><\/p>\n<p>Se quiser optar por n\u00e3o aceitar a nossa utiliza\u00e7\u00e3o do Google Analytics, por favor clique <a href=\"https:\/\/tools.google.com\/dlpage\/gaoptout\">aqui<\/a>.<\/p>\n<p>Se tiver quest\u00f5es ou coment\u00e1rios acerca da Pol\u00edtica de Cookies ou sobre o nosso Aviso de Privacidade, por favor contacte-nos como indicado abaixo:<\/p>\n<p>Omega, Servi\u00e7os de Engenharia, Lda.<\/p>\n<p>Rua Fern\u00e3o Lopes,157 \u2013 2\u00ba Esq. A<br \/>\n4150 \u2013 318<br \/>\nPorto<br \/>\nPortugal<br \/>\nEmail: <a href=\"mailto:info@omega.com.pt\">info@omega.com.pt<\/a><\/li>\n<\/ul>\n<\/div>\n<\/section>\n<\/div>\n<\/div>\n<\/div>\n<div class=\"post-entry post-entry-type-page post-entry-1059\">\n<div class=\"entry-content-wrapper clearfix\">\n<div class=\"flex_column av_one_full flex_column_div av-zero-column-padding first avia-builder-el-0 avia-builder-el-no-sibling\">\n<section class=\"av_textblock_section\">\n<div class=\"avia_textblock\">\n<p><em>\u00daltima Modifica\u00e7\u00e3o: 24 de Maio, 2018<\/em><\/p>\n<\/div>\n<\/section>\n<\/div>\n<\/div>\n<\/div>\n<\/div>\n<\/div>\n<\/div>\n<\/div>\n<\/div>\n<\/div>\n<\/div>\n<\/div>\n<\/div><div class=\"fusion-clearfix\"><\/div><\/div><\/div><\/div><\/div>","protected":false},"excerpt":{"rendered":"","protected":false},"author":1,"featured_media":0,"parent":0,"menu_order":0,"comment_status":"closed","ping_status":"closed","template":"","meta":{"footnotes":""},"class_list":["post-1875","page","type-page","status-publish","hentry"],"yoast_head":"<!-- This site is optimized with the Yoast SEO plugin v25.4 - https:\/\/yoast.com\/wordpress\/plugins\/seo\/ -->\n<title>Omega - Servi\u00e7os de Engenharia | Pol\u00edtica de Cookies<\/title>\n<meta name=\"description\" content=\"A Omega, Servi\u00e7os de Engenharia, Lda. e os seus afiliados respeitam a sua privacidade e almejamos mant\u00ea-lo informado sobre como recolhemos e utilizamos a sua informa\u00e7\u00e3o. Esta Pol\u00edtica de Cookies procura inform\u00e1-lo acerca dos cookies e tecnologias similares que utilizamos e porque \u00e9 que as usamos.\" \/>\n<meta name=\"robots\" content=\"index, follow, max-snippet:-1, max-image-preview:large, max-video-preview:-1\" \/>\n<link rel=\"canonical\" href=\"https:\/\/omega.com.pt\/en\/politica-de-cookies\/\" \/>\n<meta property=\"og:locale\" content=\"en_GB\" \/>\n<meta property=\"og:type\" content=\"article\" \/>\n<meta property=\"og:title\" content=\"Omega - Servi\u00e7os de Engenharia | Pol\u00edtica de Cookies\" \/>\n<meta property=\"og:description\" content=\"A Omega, Servi\u00e7os de Engenharia, Lda. e os seus afiliados respeitam a sua privacidade e almejamos mant\u00ea-lo informado sobre como recolhemos e utilizamos a sua informa\u00e7\u00e3o. Esta Pol\u00edtica de Cookies procura inform\u00e1-lo acerca dos cookies e tecnologias similares que utilizamos e porque \u00e9 que as usamos.\" \/>\n<meta property=\"og:url\" content=\"https:\/\/omega.com.pt\/en\/politica-de-cookies\/\" \/>\n<meta property=\"og:site_name\" content=\"Omega\" \/>\n<meta property=\"article:publisher\" content=\"https:\/\/pt-pt.facebook.com\/OmegaServicosdeEngenhariaLda\" \/>\n<meta property=\"article:modified_time\" content=\"2018-05-27T00:20:05+00:00\" \/>\n<meta name=\"twitter:card\" content=\"summary_large_image\" \/>\n<meta name=\"twitter:label1\" content=\"Estimated reading time\" \/>\n\t<meta name=\"twitter:data1\" content=\"7 minutes\" \/>\n<script type=\"application\/ld+json\" class=\"yoast-schema-graph\">{\"@context\":\"https:\/\/schema.org\",\"@graph\":[{\"@type\":\"WebPage\",\"@id\":\"https:\/\/omega.com.pt\/politica-de-cookies\/\",\"url\":\"https:\/\/omega.com.pt\/politica-de-cookies\/\",\"name\":\"Omega - Servi\u00e7os de Engenharia | Pol\u00edtica de Cookies\",\"isPartOf\":{\"@id\":\"https:\/\/omega.com.pt\/en\/#website\"},\"datePublished\":\"2018-05-27T00:12:29+00:00\",\"dateModified\":\"2018-05-27T00:20:05+00:00\",\"description\":\"A Omega, Servi\u00e7os de Engenharia, Lda. e os seus afiliados respeitam a sua privacidade e almejamos mant\u00ea-lo informado sobre como recolhemos e utilizamos a sua informa\u00e7\u00e3o. Esta Pol\u00edtica de Cookies procura inform\u00e1-lo acerca dos cookies e tecnologias similares que utilizamos e porque \u00e9 que as usamos.\",\"breadcrumb\":{\"@id\":\"https:\/\/omega.com.pt\/politica-de-cookies\/#breadcrumb\"},\"inLanguage\":\"en-GB\",\"potentialAction\":[{\"@type\":\"ReadAction\",\"target\":[\"https:\/\/omega.com.pt\/politica-de-cookies\/\"]}]},{\"@type\":\"BreadcrumbList\",\"@id\":\"https:\/\/omega.com.pt\/politica-de-cookies\/#breadcrumb\",\"itemListElement\":[{\"@type\":\"ListItem\",\"position\":1,\"name\":\"In\u00edcio\",\"item\":\"https:\/\/omega.com.pt\/en\/\"},{\"@type\":\"ListItem\",\"position\":2,\"name\":\"Pol\u00edtica de Cookies\"}]},{\"@type\":\"WebSite\",\"@id\":\"https:\/\/omega.com.pt\/en\/#website\",\"url\":\"https:\/\/omega.com.pt\/en\/\",\"name\":\"Omega\",\"description\":\"Servi\u00e7os de Engenharia\",\"publisher\":{\"@id\":\"https:\/\/omega.com.pt\/en\/#organization\"},\"potentialAction\":[{\"@type\":\"SearchAction\",\"target\":{\"@type\":\"EntryPoint\",\"urlTemplate\":\"https:\/\/omega.com.pt\/en\/?s={search_term_string}\"},\"query-input\":{\"@type\":\"PropertyValueSpecification\",\"valueRequired\":true,\"valueName\":\"search_term_string\"}}],\"inLanguage\":\"en-GB\"},{\"@type\":\"Organization\",\"@id\":\"https:\/\/omega.com.pt\/en\/#organization\",\"name\":\"Omega, Servi\u00e7os de Engenharia, Lda.\",\"url\":\"https:\/\/omega.com.pt\/en\/\",\"logo\":{\"@type\":\"ImageObject\",\"inLanguage\":\"en-GB\",\"@id\":\"https:\/\/omega.com.pt\/en\/#\/schema\/logo\/image\/\",\"url\":\"https:\/\/omega.com.pt\/wp-content\/uploads\/2017\/04\/omegalogo_retina.png\",\"contentUrl\":\"https:\/\/omega.com.pt\/wp-content\/uploads\/2017\/04\/omegalogo_retina.png\",\"width\":500,\"height\":186,\"caption\":\"Omega, Servi\u00e7os de Engenharia, Lda.\"},\"image\":{\"@id\":\"https:\/\/omega.com.pt\/en\/#\/schema\/logo\/image\/\"},\"sameAs\":[\"https:\/\/pt-pt.facebook.com\/OmegaServicosdeEngenhariaLda\"]}]}<\/script>\n<!-- \/ Yoast SEO plugin. -->","yoast_head_json":{"title":"Omega - Servi\u00e7os de Engenharia | Pol\u00edtica de Cookies","description":"A Omega, Servi\u00e7os de Engenharia, Lda. e os seus afiliados respeitam a sua privacidade e almejamos mant\u00ea-lo informado sobre como recolhemos e utilizamos a sua informa\u00e7\u00e3o. Esta Pol\u00edtica de Cookies procura inform\u00e1-lo acerca dos cookies e tecnologias similares que utilizamos e porque \u00e9 que as usamos.","robots":{"index":"index","follow":"follow","max-snippet":"max-snippet:-1","max-image-preview":"max-image-preview:large","max-video-preview":"max-video-preview:-1"},"canonical":"https:\/\/omega.com.pt\/en\/politica-de-cookies\/","og_locale":"en_GB","og_type":"article","og_title":"Omega - Servi\u00e7os de Engenharia | Pol\u00edtica de Cookies","og_description":"A Omega, Servi\u00e7os de Engenharia, Lda. e os seus afiliados respeitam a sua privacidade e almejamos mant\u00ea-lo informado sobre como recolhemos e utilizamos a sua informa\u00e7\u00e3o. Esta Pol\u00edtica de Cookies procura inform\u00e1-lo acerca dos cookies e tecnologias similares que utilizamos e porque \u00e9 que as usamos.","og_url":"https:\/\/omega.com.pt\/en\/politica-de-cookies\/","og_site_name":"Omega","article_publisher":"https:\/\/pt-pt.facebook.com\/OmegaServicosdeEngenhariaLda","article_modified_time":"2018-05-27T00:20:05+00:00","twitter_card":"summary_large_image","twitter_misc":{"Estimated reading time":"7 minutes"},"schema":{"@context":"https:\/\/schema.org","@graph":[{"@type":"WebPage","@id":"https:\/\/omega.com.pt\/politica-de-cookies\/","url":"https:\/\/omega.com.pt\/politica-de-cookies\/","name":"Omega - Servi\u00e7os de Engenharia | Pol\u00edtica de Cookies","isPartOf":{"@id":"https:\/\/omega.com.pt\/en\/#website"},"datePublished":"2018-05-27T00:12:29+00:00","dateModified":"2018-05-27T00:20:05+00:00","description":"A Omega, Servi\u00e7os de Engenharia, Lda. e os seus afiliados respeitam a sua privacidade e almejamos mant\u00ea-lo informado sobre como recolhemos e utilizamos a sua informa\u00e7\u00e3o. Esta Pol\u00edtica de Cookies procura inform\u00e1-lo acerca dos cookies e tecnologias similares que utilizamos e porque \u00e9 que as usamos.","breadcrumb":{"@id":"https:\/\/omega.com.pt\/politica-de-cookies\/#breadcrumb"},"inLanguage":"en-GB","potentialAction":[{"@type":"ReadAction","target":["https:\/\/omega.com.pt\/politica-de-cookies\/"]}]},{"@type":"BreadcrumbList","@id":"https:\/\/omega.com.pt\/politica-de-cookies\/#breadcrumb","itemListElement":[{"@type":"ListItem","position":1,"name":"In\u00edcio","item":"https:\/\/omega.com.pt\/en\/"},{"@type":"ListItem","position":2,"name":"Pol\u00edtica de Cookies"}]},{"@type":"WebSite","@id":"https:\/\/omega.com.pt\/en\/#website","url":"https:\/\/omega.com.pt\/en\/","name":"Omega","description":"Servi\u00e7os de Engenharia","publisher":{"@id":"https:\/\/omega.com.pt\/en\/#organization"},"potentialAction":[{"@type":"SearchAction","target":{"@type":"EntryPoint","urlTemplate":"https:\/\/omega.com.pt\/en\/?s={search_term_string}"},"query-input":{"@type":"PropertyValueSpecification","valueRequired":true,"valueName":"search_term_string"}}],"inLanguage":"en-GB"},{"@type":"Organization","@id":"https:\/\/omega.com.pt\/en\/#organization","name":"Omega, Servi\u00e7os de Engenharia, Lda.","url":"https:\/\/omega.com.pt\/en\/","logo":{"@type":"ImageObject","inLanguage":"en-GB","@id":"https:\/\/omega.com.pt\/en\/#\/schema\/logo\/image\/","url":"https:\/\/omega.com.pt\/wp-content\/uploads\/2017\/04\/omegalogo_retina.png","contentUrl":"https:\/\/omega.com.pt\/wp-content\/uploads\/2017\/04\/omegalogo_retina.png","width":500,"height":186,"caption":"Omega, Servi\u00e7os de Engenharia, Lda."},"image":{"@id":"https:\/\/omega.com.pt\/en\/#\/schema\/logo\/image\/"},"sameAs":["https:\/\/pt-pt.facebook.com\/OmegaServicosdeEngenhariaLda"]}]}},"jetpack_sharing_enabled":true,"_links":{"self":[{"href":"https:\/\/omega.com.pt\/en\/wp-json\/wp\/v2\/pages\/1875","targetHints":{"allow":["GET"]}}],"collection":[{"href":"https:\/\/omega.com.pt\/en\/wp-json\/wp\/v2\/pages"}],"about":[{"href":"https:\/\/omega.com.pt\/en\/wp-json\/wp\/v2\/types\/page"}],"author":[{"embeddable":true,"href":"https:\/\/omega.com.pt\/en\/wp-json\/wp\/v2\/users\/1"}],"replies":[{"embeddable":true,"href":"https:\/\/omega.com.pt\/en\/wp-json\/wp\/v2\/comments?post=1875"}],"version-history":[{"count":0,"href":"https:\/\/omega.com.pt\/en\/wp-json\/wp\/v2\/pages\/1875\/revisions"}],"wp:attachment":[{"href":"https:\/\/omega.com.pt\/en\/wp-json\/wp\/v2\/media?parent=1875"}],"curies":[{"name":"wp","href":"https:\/\/api.w.org\/{rel}","templated":true}]}}