{"id":1880,"date":"2018-05-27T00:24:41","date_gmt":"2018-05-27T00:24:41","guid":{"rendered":"https:\/\/omega.com.pt\/?page_id=1880"},"modified":"2018-05-27T00:24:41","modified_gmt":"2018-05-27T00:24:41","slug":"aviso-de-privacidade","status":"publish","type":"page","link":"https:\/\/omega.com.pt\/en\/aviso-de-privacidade\/","title":{"rendered":"Aviso de Privacidade"},"content":{"rendered":"<div class=\"fusion-fullwidth fullwidth-box fusion-builder-row-1 nonhundred-percent-fullwidth non-hundred-percent-height-scrolling\" style=\"background-color: rgba(255,255,255,0);background-position: center center;background-repeat: no-repeat;padding-top:0px;padding-right:0px;padding-bottom:0px;padding-left:0px;margin-bottom: 0px;margin-top: 0px;border-width: 0px 0px 0px 0px;border-color:#eae9e9;border-style:solid;\" ><div class=\"fusion-builder-row fusion-row\"><div class=\"fusion-layout-column fusion_builder_column fusion-builder-column-0 fusion_builder_column_1_1 1_1 fusion-one-full fusion-column-first fusion-column-last\" style=\"margin-top:0px;margin-bottom:20px;\"><div class=\"fusion-column-wrapper fusion-flex-column-wrapper-legacy\" style=\"background-position:left top;background-repeat:no-repeat;-webkit-background-size:cover;-moz-background-size:cover;-o-background-size:cover;background-size:cover;padding: 0px 0px 0px 0px;\"><div class=\"fusion-text fusion-text-1\"><div class=\"nd_options_container nd_options_padding_0_15 nd_options_box_sizing_border_box nd_options_clearfix\">\n<div id=\"post-2112\" class=\"post-2112 page type-page status-publish hentry\">\n<div class=\"vc_row wpb_row vc_row-fluid\">\n<div class=\"wpb_column vc_column_container vc_col-sm-12\">\n<div class=\"vc_column-inner\">\n<div class=\"wpb_wrapper\">\n<div class=\"wpb_text_column wpb_content_element\">\n<div class=\"wpb_wrapper\">\n<div class=\"fusion-text\">\n<div class=\"vc_row wpb_row vc_row-fluid\">\n<div class=\"wpb_column vc_column_container vc_col-sm-12\">\n<div class=\"vc_column-inner\">\n<div class=\"wpb_wrapper\">\n<div class=\"wpb_text_column wpb_content_element\">\n<div class=\"wpb_wrapper\">\n<div class=\"vc_row wpb_row vc_row-fluid\">\n<div class=\"wpb_column vc_column_container vc_col-sm-12\">\n<div class=\"vc_column-inner\">\n<div class=\"wpb_wrapper\">\n<div class=\"wpb_text_column wpb_content_element\">\n<div class=\"wpb_wrapper\">\n<div class=\"post-entry post-entry-type-page post-entry-1050\">\n<div class=\"entry-content-wrapper clearfix\">\n<div class=\"flex_column av_one_full flex_column_div av-zero-column-padding first avia-builder-el-0 avia-builder-el-no-sibling\">\n<div class=\"av-special-heading av-special-heading-h1 blockquote modern-quote modern-centered avia-builder-el-1 el_before_av_hr avia-builder-el-first\">\n<h1 class=\"av-special-heading-tag\" style=\"text-align: center;\" data-fontsize=\"34\" data-lineheight=\"47\"><a href=\"#\">Aviso de Privacidade<\/a><\/h1>\n<div class=\"av-subheading av-subheading_below\">\n<p style=\"text-align: center;\">Detalhes acerca da sua informa\u00e7\u00e3o.<\/p>\n<\/div>\n<\/div>\n<\/div>\n<\/div>\n<\/div>\n<div class=\"hr hr-default avia-builder-el-2 el_after_av_heading el_before_av_textblock\"><\/div>\n<div><\/div>\n<div class=\"post-entry post-entry-type-page post-entry-1050\">\n<div class=\"entry-content-wrapper clearfix\">\n<div class=\"flex_column av_one_full flex_column_div av-zero-column-padding first avia-builder-el-0 avia-builder-el-no-sibling\">\n<section class=\"av_textblock_section\">\n<div class=\"avia_textblock\">\n<ol>\n<li>\n<h5 data-fontsize=\"16\" data-lineheight=\"22\">Omega: Aviso de Privacidade Online<\/h5>\n<h5 data-fontsize=\"16\" data-lineheight=\"22\"><\/h5>\n<p>A Omega, Servi\u00e7os de Engenharia, Lda. e os seus afiliados respeitam as suas preocupa\u00e7\u00f5es acerca da privacidade. Este aviso de privacidade aplica-se a toda a informa\u00e7\u00e3o pessoal que recolhemos neste website. A Omega, Servi\u00e7os de Engenharia, Lda. (Rua Fern\u00e3o Lopes, 157, 2\u00baEsq \u2013 A, 4150-318, Porto, Portugal) \u00e9 respons\u00e1vel por este website.<\/p>\n<p>O Aviso de Privacidade descreve todos os tipos de informa\u00e7\u00e3o pessoal que recolhemos neste Website, como poderemos utilizar essa informa\u00e7\u00e3o e com quem poderemos partilh\u00e1-la. O aviso tamb\u00e9m descreve as medidas que tomamos para assegurar a protec\u00e7\u00e3o da sua informa\u00e7\u00e3o pessoal. Tamb\u00e9m o informamos de como nos pode contactar para (i) aceder, mudar ou n\u00e3o utilizar a informa\u00e7\u00e3o pessoal que nos confiou, (ii) retirar a autoriza\u00e7\u00e3o que nos deu previamente, (iii) informar-nos para n\u00e3o comunicar os nossos servi\u00e7os consigo, e (iv) responder a quaisquer quest\u00f5es que possa ter sobre as nossas pol\u00edticas de privacidade.<\/li>\n<li>\n<h5 data-fontsize=\"16\" data-lineheight=\"22\">A informa\u00e7\u00e3o que recolhemos e como a utilizamos<\/h5>\n<h5 data-fontsize=\"16\" data-lineheight=\"22\"><\/h5>\n<p>O(A) utilizador(a) pode escolher providenciar informa\u00e7\u00e3o pessoal (tal como o nome e endere\u00e7o de email) atrav\u00e9s deste website e atrav\u00e9s da nossa linha de apoio ao cliente. Aqui est\u00e3o descritas as formas em que poder\u00e1 providenciar essa informa\u00e7\u00e3o e os tipos de informa\u00e7\u00e3o que poder\u00e1 submeter. Tamb\u00e9m o informamos de como poderemos utilizar essa informa\u00e7\u00e3o.<\/li>\n<li>\n<h5 data-fontsize=\"16\" data-lineheight=\"22\">Formul\u00e1rios de Contacto<\/h5>\n<h5 data-fontsize=\"16\" data-lineheight=\"22\"><\/h5>\n<p>Se comunicar connosco atrav\u00e9s do link \u201cContacto\u201d neste website, poderemos pedir informa\u00e7\u00e3o tal como o seu nome e endere\u00e7o de correio electr\u00f3nico. Utilizamos esta informa\u00e7\u00e3o para responder e para comunicar consigo acerca das suas quest\u00f5es e coment\u00e1rios.<\/li>\n<li>\n<h5 data-fontsize=\"16\" data-lineheight=\"22\">Informa\u00e7\u00e3o que recolhemos atr\u00e1ves de Meios Autom\u00e1ticos<\/h5>\n<h5 data-fontsize=\"16\" data-lineheight=\"22\"><\/h5>\n<p>N\u00f3s obtemos determinado tipo de informa\u00e7\u00f5es atrav\u00e9s de meios autom\u00e1ticos quando visita o nosso website, tal como o endere\u00e7o de IP do dispositivo que utiliza para se conectar \u00e0 Internet, e as p\u00e1ginas \u00e0s quais acedeu. Ao recolhermos esta informa\u00e7\u00e3o, aprendemos a melhor forma de dispor o nosso website aos nossos visitantes e percebemos que servi\u00e7os podem preferir. Recolhemos esta informa\u00e7\u00e3o atrav\u00e9s de diversos meios, tais como \u201ccookies\u201d.<\/li>\n<li>\n<h5 data-fontsize=\"16\" data-lineheight=\"22\">Cookies<\/h5>\n<h5 data-fontsize=\"16\" data-lineheight=\"22\"><\/h5>\n<p>Como muitas empresas, n\u00f3s utilizamos \u201ccookies\u201d neste website. Os cookies s\u00e3o peda\u00e7os de texto que s\u00e3o colocados no disco r\u00edgido do seu computador quando visita determinados websites. Os cookies podem melhor a sua experi\u00eancia online ao gravarem prefer\u00eancias quando visita um site em particular. N\u00f3s utilizamos cookies, por exemplo, para medir a actividade no site e determinar quais as \u00e1reas e fun\u00e7\u00f5es do nosso website que s\u00e3o mais populares.<\/p>\n<p>Para saber mais acerca da forma como utilizamos cookies, por favor visite a nossa <a href=\"https:\/\/omega.com.pt\/en\/pt\/politica-de-cookies\/\">Cookie Policy<\/a>.<\/li>\n<li>\n<h5 data-fontsize=\"16\" data-lineheight=\"22\">Apoio ao Cliente<\/h5>\n<h5 data-fontsize=\"16\" data-lineheight=\"22\"><\/h5>\n<p>Poder\u00e1 contactar a nossa linha de apoio ao cliente para obter informa\u00e7\u00f5es acerca dos nossos servi\u00e7os. Se o fizer, poderemos pedir-lhe informa\u00e7\u00e3o tal como o seu nome, endere\u00e7o de correio electr\u00f3nico e n\u00famero de telefone. Utilizamos esta informa\u00e7\u00e3o para responder ao seu pedido.<\/li>\n<li>\n<h5 data-fontsize=\"16\" data-lineheight=\"22\">Outras Formas de Recolha e Uso de Informa\u00e7\u00e3o<\/h5>\n<h5 data-fontsize=\"16\" data-lineheight=\"22\"><\/h5>\n<p>Adicionalmente \u00e0s formas pelas quais obtemos informa\u00e7\u00e3o sobre si descritas acima, tamb\u00e9m poderemos obter informa\u00e7\u00e3o acerca de si atrav\u00e9s de terceiros. Poderemos utilizar a sua informa\u00e7\u00e3o pessoal para o providenciar com servi\u00e7os que possa pedir, melhorar a sua experi\u00eancia e comunicar consigo acerca dos nossos servi\u00e7os e promo\u00e7\u00f5es. Tamb\u00e9m poderemos utilizar a sua informa\u00e7\u00e3o pessoal para efeitos internos, tais como fraude e preven\u00e7\u00e3o de roubo, notifica\u00e7\u00e3o de acidentes, desenvolvimento e administra\u00e7\u00e3o dos nossos websites, an\u00e1lise de dados, e cumprimento com as nossas obriga\u00e7\u00f5es legais, pol\u00edticas e procedimentos.<\/li>\n<li>\n<h5 data-fontsize=\"16\" data-lineheight=\"22\">Informa\u00e7\u00e3o Que Partilhamos<\/h5>\n<h5 data-fontsize=\"16\" data-lineheight=\"22\"><\/h5>\n<p>N\u00e3o vendemos e n\u00e3o divulgamos informa\u00e7\u00e3o pessoal sobre os nossos clientes, excepto nas situa\u00e7\u00f5es descritas aqui. Poderemos partilhar a sua informa\u00e7\u00e3o pessoal com os nossos afiliados em todo o mundo, titulares de licen\u00e7as e parceiros de neg\u00f3cios para os prop\u00f3sitos descritos neste Aviso de Privacidade. Tamb\u00e9m poderemos partilhar a sua informa\u00e7\u00e3o com os nossos provedores de servi\u00e7os que prestam servi\u00e7os por n\u00f3s baseados nas nossas instru\u00e7\u00f5es. Estes provedores de servi\u00e7os n\u00e3o est\u00e3o autorizados por n\u00f3s a utilizar ou divulgar a informa\u00e7\u00e3o excepto se for necess\u00e1rio para realizar servi\u00e7os por n\u00f3s ou cumprir com requisitos legais.<\/p>\n<p>Tamb\u00e9m poderemos divulgar informa\u00e7\u00e3o sobre si se (i) tal for exigido por lei ou processo legal (tal como uma ordem judicial), (ii) em resposta a um pedido pelas autoridades legais, ou (iii) quando acreditamos que a divulga\u00e7\u00e3o \u00e9 necess\u00e1ria ou apropriada para prevenir danos f\u00edsicos ou preju\u00edzos financeiros ou em liga\u00e7\u00e3o com uma investiga\u00e7\u00e3o de suspeita ou actual actividade ilegal. Tamb\u00e9m reservamos o direito de transferir informa\u00e7\u00e3o pessoal que temos sobre si na eventualidade de venda ou transfer\u00eancia de todos ou uma por\u00e7\u00e3o dos nossos activos empresariais. Se tal venda ou transfer\u00eancia ocorrer, utilizaremos os m\u00e9todos poss\u00edveis e razo\u00e1veis para que o recipiente utilize as nossas directivas em rela\u00e7\u00e3o \u00e0 sua informa\u00e7\u00e3o pessoal, de forma consistente com a nossa Pol\u00edtica de Privacidade. Em seguimento dessa venda ou transfer\u00eancia, poder\u00e1 contactar a entidade para a qual transferimos a sua informa\u00e7\u00e3o pessoal com qualquer quest\u00e3o acerca do processamento dessa informa\u00e7\u00e3o.<\/li>\n<li>\n<h5 data-fontsize=\"16\" data-lineheight=\"22\">Liga\u00e7\u00f5es a Outros Websites<\/h5>\n<h5 data-fontsize=\"16\" data-lineheight=\"22\"><\/h5>\n<p>Este website poder\u00e1 conter liga\u00e7\u00f5es a outros sites para a sua conveni\u00eancia e informa\u00e7\u00e3o. Estes websites podem ser operados por empresas que n\u00e3o est\u00e3os afiliadas \u00e0 Omega, Servi\u00e7os de Engenharia. Esses websites poder\u00e3o ter as suas pr\u00f3prias pol\u00edticas de privacidade, as quais sugerimos que consulte se visitar qualquer liga\u00e7\u00e3o a um website externo. N\u00e3o somos respons\u00e1veis pelo conte\u00fado de qualquer website que n\u00e3o esteja afiliado com a Omega, Servi\u00e7os de Engenharia, qualquer uso desses websites, ou as pr\u00e1ticas de privacidade dos mesmos.<\/li>\n<li>\n<h5 data-fontsize=\"16\" data-lineheight=\"22\">Como Protegemos a Informa\u00e7\u00e3o Pessoal<\/h5>\n<h5 data-fontsize=\"16\" data-lineheight=\"22\"><\/h5>\n<p>N\u00f3s mantemos medidas de seguran\u00e7a administrativas, t\u00e9cnicas e f\u00edsicas apropriadas \u00e0 seguran\u00e7a da informa\u00e7\u00e3o pessoal que providenciou neste Website contra acidentes, destrui\u00e7\u00e3o ilegal ou n\u00e3o autorizada, perda, altera\u00e7\u00e3o, acesso, divulga\u00e7\u00e3o ou utiliza\u00e7\u00e3o e outras formas ilegais de processamento. Utilizamos a tecnologia Secure Sockets Layer (\u201cSSL) para proteger a transmiss\u00e3o atrav\u00e9s da internet da sua informa\u00e7\u00e3o. Poder\u00e1 confirmar a seguran\u00e7a da sua conex\u00e3o olhando para a linha de URL do seu navegador. Ao aceder a um website seguro, os primeiros caracteres do endere\u00e7o do site ir\u00e3o mudar de \u201chttp\u201d para \u201chttps\u201d. Se estiver a utilizar um navegador ou firewall que n\u00e3o permita comunica\u00e7\u00f5es atrav\u00e9s de websites seguros, sugerimos que permita estas comunica\u00e7\u00f5es.<\/li>\n<li>\n<h5 data-fontsize=\"16\" data-lineheight=\"22\">Acesso e Correc\u00e7\u00e3o<\/h5>\n<h5 data-fontsize=\"16\" data-lineheight=\"22\"><\/h5>\n<p>Conforme a lei aplic\u00e1vel, providenciamos-lhe o acesso a informa\u00e7\u00e3o pessoal que recolhemos sobre si, e a capacidade para rever, corrigir, actualizar, bloquear ou remover essa informa\u00e7\u00e3o no caso de estar incorrecta. Por favor submeta o seu pedido ao endere\u00e7o especificado na sec\u00e7\u00e3o \u201cComo Contactar-nos\u201d em baixo. Por favor inclua o seu nome, endere\u00e7o de correio electr\u00f3nico, endere\u00e7o postal e uma c\u00f3pia do seu cart\u00e3o de identifica\u00e7\u00e3o ou passaporte com o seu pedido.<\/li>\n<li>\n<h5 data-fontsize=\"16\" data-lineheight=\"22\">As Suas Escolhas<\/h5>\n<h5 data-fontsize=\"16\" data-lineheight=\"22\"><\/h5>\n<p>Oferecemos-lhe determinadas escolhas sobre a nossa comunica\u00e7\u00e3o consigo e sobre a informa\u00e7\u00e3o que recolhemos sobre si. Poder\u00e1 retirar qualquer consentimento pr\u00e9vio que nos tenha dado ou refutar a qualquer altura de acordo com a lei, e sem qualquer custo, o processamento da sua informa\u00e7\u00e3o pessoal, e n\u00f3s aplicaremos as suas prefer\u00eancias no futuro.<\/p>\n<p>Pode optar por n\u00e3o receber comunica\u00e7\u00f5es de marketing da nossa parte enviando-nos um e-mail ou contactando-nos como especificado na sec\u00e7\u00e3o \u201cComo Contactar-nos\u201d descrita abaixo. Por favor inclua o seu nome, endere\u00e7o de correio electr\u00f3nico e endere\u00e7o postal se nos enviar o seu pedido por correio electr\u00f3nico ou correio postal.<\/li>\n<li>\n<h5 data-fontsize=\"16\" data-lineheight=\"22\">Privacidade Infantil<\/h5>\n<h5 data-fontsize=\"16\" data-lineheight=\"22\"><\/h5>\n<p>Este website n\u00e3o est\u00e1 direccionado a crian\u00e7as com menos de treze anos e n\u00e3o recolhemos informa\u00e7\u00e3o pessoal de crian\u00e7as com menos de treze anos no website. Se formos notificados que recolhemos informa\u00e7\u00e3o pessoal inadvertidamente de um visitante com menos de treze anos neste website, iremos remover essa informa\u00e7\u00e3o dos nossos registos.<\/li>\n<li>\n<h5 data-fontsize=\"16\" data-lineheight=\"22\">Actualiza\u00e7\u00f5es ao nosso Aviso de Privacidade<\/h5>\n<h5 data-fontsize=\"16\" data-lineheight=\"22\"><\/h5>\n<p>Este Aviso de Privacidade poder\u00e1 ser actualizado periodicamente e sem ser necess\u00e1rio um aviso pr\u00e9vio a si, para reflectir mudan\u00e7as nas nossas pr\u00e1ticas relacionadas com a informa\u00e7\u00e3o pessoal ou para reflectir mudan\u00e7as em leis relevantes. Iremos colocar um aviso proeminente no website para o notificar de mudan\u00e7as significativas ao nosso Aviso de Privacidade e indicaremos no final do aviso, quando foi efectuada a actualiza\u00e7\u00e3o.<\/li>\n<li>\n<h5 data-fontsize=\"16\" data-lineheight=\"22\">Lei Governamental e Jurisdi\u00e7\u00e3o<\/h5>\n<h5 data-fontsize=\"16\" data-lineheight=\"22\"><\/h5>\n<p>Este Aviso de Privacidade ser\u00e1 regido pela Lei Portuguesa. Disputas que surjam sob ou em conex\u00e3o com este Aviso de Privacidade (incluindo disputas n\u00e3o contratuais) estar\u00e3o sujeitas aos tribunais n\u00e3o-exclusivos de Portugal, verificando-se, que o mesmo n\u00e3o afectar\u00e1 o direito de qualquer parte a um processo em qualquer local de jurisdi\u00e7\u00e3o competente sob a lei de procedimentos aplic\u00e1vel.<\/li>\n<li>\n<h5 data-fontsize=\"16\" data-lineheight=\"22\">Como Contactar-nos<\/h5>\n<h5 data-fontsize=\"16\" data-lineheight=\"22\"><\/h5>\n<p>Se tiver qualquer quest\u00e3o, coment\u00e1rio ou queixa acerca deste Aviso de Privacidade ou este Website, por favor contacte-nos:<\/p>\n<p>Email: <a href=\"mailto:info@omega.com.pt\">info@omega.com.pt<\/a><\/p>\n<p>N\u00famero de Telefone: (+351) 225 322 736<\/p>\n<p>Obrigado por nos visitar em www.omega.com.pt<\/li>\n<\/ol>\n<p><em>\u00daltima Modifica\u00e7\u00e3o: 24 de Maio, 2018<\/em><\/p>\n<\/div>\n<\/section>\n<\/div>\n<\/div>\n<\/div>\n<\/div>\n<\/div>\n<\/div>\n<\/div>\n<\/div>\n<\/div>\n<\/div>\n<\/div>\n<\/div>\n<\/div>\n<\/div>\n<\/div>\n<\/div>\n<\/div>\n<\/div>\n<\/div>\n<\/div>\n<\/div>\n<\/div>\n<\/div>\n<\/div>\n<\/div><div class=\"fusion-clearfix\"><\/div><\/div><\/div><\/div><\/div>","protected":false},"excerpt":{"rendered":"","protected":false},"author":1,"featured_media":0,"parent":0,"menu_order":0,"comment_status":"closed","ping_status":"closed","template":"","meta":{"footnotes":""},"class_list":["post-1880","page","type-page","status-publish","hentry"],"yoast_head":"<!-- This site is optimized with the Yoast SEO plugin v25.4 - https:\/\/yoast.com\/wordpress\/plugins\/seo\/ -->\n<title>Omega - Servi\u00e7os de Engenharia | Aviso de Privacidade<\/title>\n<meta name=\"description\" content=\"A Omega, Servi\u00e7os de Engenharia, Lda. e os seus afiliados respeitam as suas preocupa\u00e7\u00f5es acerca da privacidade. Este aviso de privacidade aplica-se a toda a informa\u00e7\u00e3o pessoal que recolhemos neste website. A Omega, Servi\u00e7os de Engenharia, Lda. (Rua Fern\u00e3o Lopes, 157, 2\u00baEsq \u2013 A, 4150-318, Porto, Portugal)...\" \/>\n<meta name=\"robots\" content=\"index, follow, max-snippet:-1, max-image-preview:large, max-video-preview:-1\" \/>\n<link rel=\"canonical\" href=\"https:\/\/omega.com.pt\/en\/aviso-de-privacidade\/\" \/>\n<meta property=\"og:locale\" content=\"en_GB\" \/>\n<meta property=\"og:type\" content=\"article\" \/>\n<meta property=\"og:title\" content=\"Omega - Servi\u00e7os de Engenharia | Aviso de Privacidade\" \/>\n<meta property=\"og:description\" content=\"A Omega, Servi\u00e7os de Engenharia, Lda. e os seus afiliados respeitam as suas preocupa\u00e7\u00f5es acerca da privacidade. Este aviso de privacidade aplica-se a toda a informa\u00e7\u00e3o pessoal que recolhemos neste website. A Omega, Servi\u00e7os de Engenharia, Lda. (Rua Fern\u00e3o Lopes, 157, 2\u00baEsq \u2013 A, 4150-318, Porto, Portugal)...\" \/>\n<meta property=\"og:url\" content=\"https:\/\/omega.com.pt\/en\/aviso-de-privacidade\/\" \/>\n<meta property=\"og:site_name\" content=\"Omega\" \/>\n<meta property=\"article:publisher\" content=\"https:\/\/pt-pt.facebook.com\/OmegaServicosdeEngenhariaLda\" \/>\n<meta name=\"twitter:card\" content=\"summary_large_image\" \/>\n<meta name=\"twitter:label1\" content=\"Estimated reading time\" \/>\n\t<meta name=\"twitter:data1\" content=\"9 minutes\" \/>\n<script type=\"application\/ld+json\" class=\"yoast-schema-graph\">{\"@context\":\"https:\/\/schema.org\",\"@graph\":[{\"@type\":\"WebPage\",\"@id\":\"https:\/\/omega.com.pt\/en\/aviso-de-privacidade\/\",\"url\":\"https:\/\/omega.com.pt\/en\/aviso-de-privacidade\/\",\"name\":\"Omega - Servi\u00e7os de Engenharia | Aviso de Privacidade\",\"isPartOf\":{\"@id\":\"https:\/\/omega.com.pt\/en\/#website\"},\"datePublished\":\"2018-05-27T00:24:41+00:00\",\"description\":\"A Omega, Servi\u00e7os de Engenharia, Lda. e os seus afiliados respeitam as suas preocupa\u00e7\u00f5es acerca da privacidade. Este aviso de privacidade aplica-se a toda a informa\u00e7\u00e3o pessoal que recolhemos neste website. A Omega, Servi\u00e7os de Engenharia, Lda. (Rua Fern\u00e3o Lopes, 157, 2\u00baEsq \u2013 A, 4150-318, Porto, Portugal)...\",\"breadcrumb\":{\"@id\":\"https:\/\/omega.com.pt\/en\/aviso-de-privacidade\/#breadcrumb\"},\"inLanguage\":\"en-GB\",\"potentialAction\":[{\"@type\":\"ReadAction\",\"target\":[\"https:\/\/omega.com.pt\/en\/aviso-de-privacidade\/\"]}]},{\"@type\":\"BreadcrumbList\",\"@id\":\"https:\/\/omega.com.pt\/en\/aviso-de-privacidade\/#breadcrumb\",\"itemListElement\":[{\"@type\":\"ListItem\",\"position\":1,\"name\":\"In\u00edcio\",\"item\":\"https:\/\/omega.com.pt\/en\/\"},{\"@type\":\"ListItem\",\"position\":2,\"name\":\"Aviso de Privacidade\"}]},{\"@type\":\"WebSite\",\"@id\":\"https:\/\/omega.com.pt\/en\/#website\",\"url\":\"https:\/\/omega.com.pt\/en\/\",\"name\":\"Omega\",\"description\":\"Servi\u00e7os de Engenharia\",\"publisher\":{\"@id\":\"https:\/\/omega.com.pt\/en\/#organization\"},\"potentialAction\":[{\"@type\":\"SearchAction\",\"target\":{\"@type\":\"EntryPoint\",\"urlTemplate\":\"https:\/\/omega.com.pt\/en\/?s={search_term_string}\"},\"query-input\":{\"@type\":\"PropertyValueSpecification\",\"valueRequired\":true,\"valueName\":\"search_term_string\"}}],\"inLanguage\":\"en-GB\"},{\"@type\":\"Organization\",\"@id\":\"https:\/\/omega.com.pt\/en\/#organization\",\"name\":\"Omega, Servi\u00e7os de Engenharia, Lda.\",\"url\":\"https:\/\/omega.com.pt\/en\/\",\"logo\":{\"@type\":\"ImageObject\",\"inLanguage\":\"en-GB\",\"@id\":\"https:\/\/omega.com.pt\/en\/#\/schema\/logo\/image\/\",\"url\":\"https:\/\/omega.com.pt\/wp-content\/uploads\/2017\/04\/omegalogo_retina.png\",\"contentUrl\":\"https:\/\/omega.com.pt\/wp-content\/uploads\/2017\/04\/omegalogo_retina.png\",\"width\":500,\"height\":186,\"caption\":\"Omega, Servi\u00e7os de Engenharia, Lda.\"},\"image\":{\"@id\":\"https:\/\/omega.com.pt\/en\/#\/schema\/logo\/image\/\"},\"sameAs\":[\"https:\/\/pt-pt.facebook.com\/OmegaServicosdeEngenhariaLda\"]}]}<\/script>\n<!-- \/ Yoast SEO plugin. -->","yoast_head_json":{"title":"Omega - Servi\u00e7os de Engenharia | Aviso de Privacidade","description":"A Omega, Servi\u00e7os de Engenharia, Lda. e os seus afiliados respeitam as suas preocupa\u00e7\u00f5es acerca da privacidade. Este aviso de privacidade aplica-se a toda a informa\u00e7\u00e3o pessoal que recolhemos neste website. A Omega, Servi\u00e7os de Engenharia, Lda. (Rua Fern\u00e3o Lopes, 157, 2\u00baEsq \u2013 A, 4150-318, Porto, Portugal)...","robots":{"index":"index","follow":"follow","max-snippet":"max-snippet:-1","max-image-preview":"max-image-preview:large","max-video-preview":"max-video-preview:-1"},"canonical":"https:\/\/omega.com.pt\/en\/aviso-de-privacidade\/","og_locale":"en_GB","og_type":"article","og_title":"Omega - Servi\u00e7os de Engenharia | Aviso de Privacidade","og_description":"A Omega, Servi\u00e7os de Engenharia, Lda. e os seus afiliados respeitam as suas preocupa\u00e7\u00f5es acerca da privacidade. Este aviso de privacidade aplica-se a toda a informa\u00e7\u00e3o pessoal que recolhemos neste website. A Omega, Servi\u00e7os de Engenharia, Lda. (Rua Fern\u00e3o Lopes, 157, 2\u00baEsq \u2013 A, 4150-318, Porto, Portugal)...","og_url":"https:\/\/omega.com.pt\/en\/aviso-de-privacidade\/","og_site_name":"Omega","article_publisher":"https:\/\/pt-pt.facebook.com\/OmegaServicosdeEngenhariaLda","twitter_card":"summary_large_image","twitter_misc":{"Estimated reading time":"9 minutes"},"schema":{"@context":"https:\/\/schema.org","@graph":[{"@type":"WebPage","@id":"https:\/\/omega.com.pt\/en\/aviso-de-privacidade\/","url":"https:\/\/omega.com.pt\/en\/aviso-de-privacidade\/","name":"Omega - Servi\u00e7os de Engenharia | Aviso de Privacidade","isPartOf":{"@id":"https:\/\/omega.com.pt\/en\/#website"},"datePublished":"2018-05-27T00:24:41+00:00","description":"A Omega, Servi\u00e7os de Engenharia, Lda. e os seus afiliados respeitam as suas preocupa\u00e7\u00f5es acerca da privacidade. Este aviso de privacidade aplica-se a toda a informa\u00e7\u00e3o pessoal que recolhemos neste website. A Omega, Servi\u00e7os de Engenharia, Lda. (Rua Fern\u00e3o Lopes, 157, 2\u00baEsq \u2013 A, 4150-318, Porto, Portugal)...","breadcrumb":{"@id":"https:\/\/omega.com.pt\/en\/aviso-de-privacidade\/#breadcrumb"},"inLanguage":"en-GB","potentialAction":[{"@type":"ReadAction","target":["https:\/\/omega.com.pt\/en\/aviso-de-privacidade\/"]}]},{"@type":"BreadcrumbList","@id":"https:\/\/omega.com.pt\/en\/aviso-de-privacidade\/#breadcrumb","itemListElement":[{"@type":"ListItem","position":1,"name":"In\u00edcio","item":"https:\/\/omega.com.pt\/en\/"},{"@type":"ListItem","position":2,"name":"Aviso de Privacidade"}]},{"@type":"WebSite","@id":"https:\/\/omega.com.pt\/en\/#website","url":"https:\/\/omega.com.pt\/en\/","name":"Omega","description":"Servi\u00e7os de Engenharia","publisher":{"@id":"https:\/\/omega.com.pt\/en\/#organization"},"potentialAction":[{"@type":"SearchAction","target":{"@type":"EntryPoint","urlTemplate":"https:\/\/omega.com.pt\/en\/?s={search_term_string}"},"query-input":{"@type":"PropertyValueSpecification","valueRequired":true,"valueName":"search_term_string"}}],"inLanguage":"en-GB"},{"@type":"Organization","@id":"https:\/\/omega.com.pt\/en\/#organization","name":"Omega, Servi\u00e7os de Engenharia, Lda.","url":"https:\/\/omega.com.pt\/en\/","logo":{"@type":"ImageObject","inLanguage":"en-GB","@id":"https:\/\/omega.com.pt\/en\/#\/schema\/logo\/image\/","url":"https:\/\/omega.com.pt\/wp-content\/uploads\/2017\/04\/omegalogo_retina.png","contentUrl":"https:\/\/omega.com.pt\/wp-content\/uploads\/2017\/04\/omegalogo_retina.png","width":500,"height":186,"caption":"Omega, Servi\u00e7os de Engenharia, Lda."},"image":{"@id":"https:\/\/omega.com.pt\/en\/#\/schema\/logo\/image\/"},"sameAs":["https:\/\/pt-pt.facebook.com\/OmegaServicosdeEngenhariaLda"]}]}},"jetpack_sharing_enabled":true,"_links":{"self":[{"href":"https:\/\/omega.com.pt\/en\/wp-json\/wp\/v2\/pages\/1880","targetHints":{"allow":["GET"]}}],"collection":[{"href":"https:\/\/omega.com.pt\/en\/wp-json\/wp\/v2\/pages"}],"about":[{"href":"https:\/\/omega.com.pt\/en\/wp-json\/wp\/v2\/types\/page"}],"author":[{"embeddable":true,"href":"https:\/\/omega.com.pt\/en\/wp-json\/wp\/v2\/users\/1"}],"replies":[{"embeddable":true,"href":"https:\/\/omega.com.pt\/en\/wp-json\/wp\/v2\/comments?post=1880"}],"version-history":[{"count":0,"href":"https:\/\/omega.com.pt\/en\/wp-json\/wp\/v2\/pages\/1880\/revisions"}],"wp:attachment":[{"href":"https:\/\/omega.com.pt\/en\/wp-json\/wp\/v2\/media?parent=1880"}],"curies":[{"name":"wp","href":"https:\/\/api.w.org\/{rel}","templated":true}]}}